{"id":5715,"date":"2025-07-07T19:57:29","date_gmt":"2025-07-07T17:57:29","guid":{"rendered":"https:\/\/arkeria.eu\/?post_type=product&#038;p=5715"},"modified":"2026-01-26T23:17:36","modified_gmt":"2026-01-26T22:17:36","slug":"arrow-wraps-transparent-matte","status":"publish","type":"product","link":"https:\/\/arkeria.eu\/de\/arrow-wraps-transparent-matte\/","title":{"rendered":"Arrow Wraps Transparent Matte"},"content":{"rendered":"<p>Transparente, matte Arrow Wraps &#8211; verf\u00fcgbar in verschiedenen Breiten:<\/p>\n<ul>\n<li>S: 130 x 20 mm (f\u00fcr Sch\u00e4fte mit Au\u00dfendurchmesser von bis zu 6 mm)<\/li>\n<li>L: 130 x 25 mm (f\u00fcr Sch\u00e4fte mit Au\u00dfendurchmesser von bis zu 7,5 mm)<\/li>\n<\/ul>\n<p>Bitte beachte, dass sich die verf\u00fcgbaren Gr\u00f6\u00dfen von denen der gl\u00e4nzenden Variante unterscheiden.<\/p>\n<p>&nbsp;<\/p>\n<p>Mit transparenten Wraps l\u00e4sst sich die Befiederung einfach und ohne Klebereste auf dem Schaft tauschen. Dabei sind die Wraps so gut wie unsichtbar.<\/p>\n","protected":false},"excerpt":{"rendered":"<p>Lieferumfang: 14 St\u00fcck<\/p>\n","protected":false},"featured_media":5734,"comment_status":"closed","ping_status":"closed","template":"","meta":[],"product_brand":[],"product_cat":[285],"product_tag":[],"class_list":{"0":"post-5715","1":"product","2":"type-product","3":"status-publish","4":"has-post-thumbnail","6":"product_cat-arrow-wraps","7":"product_shipping_class-s","9":"first","10":"instock","11":"taxable","12":"shipping-taxable","13":"purchasable","14":"product-type-variable"},"_links":{"self":[{"href":"https:\/\/arkeria.eu\/de\/wp-json\/wp\/v2\/product\/5715","targetHints":{"allow":["GET"]}}],"collection":[{"href":"https:\/\/arkeria.eu\/de\/wp-json\/wp\/v2\/product"}],"about":[{"href":"https:\/\/arkeria.eu\/de\/wp-json\/wp\/v2\/types\/product"}],"replies":[{"embeddable":true,"href":"https:\/\/arkeria.eu\/de\/wp-json\/wp\/v2\/comments?post=5715"}],"wp:featuredmedia":[{"embeddable":true,"href":"https:\/\/arkeria.eu\/de\/wp-json\/wp\/v2\/media\/5734"}],"wp:attachment":[{"href":"https:\/\/arkeria.eu\/de\/wp-json\/wp\/v2\/media?parent=5715"}],"wp:term":[{"taxonomy":"product_brand","embeddable":true,"href":"https:\/\/arkeria.eu\/de\/wp-json\/wp\/v2\/product_brand?post=5715"},{"taxonomy":"product_cat","embeddable":true,"href":"https:\/\/arkeria.eu\/de\/wp-json\/wp\/v2\/product_cat?post=5715"},{"taxonomy":"product_tag","embeddable":true,"href":"https:\/\/arkeria.eu\/de\/wp-json\/wp\/v2\/product_tag?post=5715"}],"curies":[{"name":"wp","href":"https:\/\/api.w.org\/{rel}","templated":true}]}}