{"id":5500,"date":"2025-06-07T03:36:02","date_gmt":"2025-06-07T01:36:02","guid":{"rendered":"https:\/\/arkeria.eu\/?post_type=product&#038;p=5500"},"modified":"2025-06-07T04:06:05","modified_gmt":"2025-06-07T02:06:05","slug":"universal-aluminium-insert-76-mm","status":"publish","type":"product","link":"https:\/\/arkeria.eu\/de\/universal-aluminium-insert-76-mm\/","title":{"rendered":"Universal Aluminium Insert 7,6 mm"},"content":{"rendered":"<p>Universal Aluminium Insert f\u00fcr Sch\u00e4fte mit 7,6 mm Innendurchmesser und 8,8 mm Au\u00dfendurchmesser. Das Gewicht betr\u00e4gt 29 gn. Mit Standardgewinde f\u00fcr Pfeilspitzen.<\/p>\n<p>Dieses Insert wird besonders f\u00fcr Carbonsch\u00e4fte f\u00fcr Armbrustbolzen eingesetzt.<\/p>\n","protected":false},"excerpt":{"rendered":"<p>Universal Aluminium Insert f\u00fcr Sch\u00e4fte mit 7,6 mm Innendurchmesser und 8,8 mm Au\u00dfendurchmesser. Das Gewicht betr\u00e4gt 29 gn. Mit Standardgewinde<\/p>\n","protected":false},"featured_media":3944,"comment_status":"closed","ping_status":"closed","template":"","meta":[],"product_brand":[],"product_cat":[148],"product_tag":[],"class_list":{"0":"post-5500","1":"product","2":"type-product","3":"status-publish","4":"has-post-thumbnail","6":"product_cat-inserts","7":"product_shipping_class-klein","9":"first","10":"instock","11":"taxable","12":"shipping-taxable","13":"purchasable","14":"product-type-simple"},"_links":{"self":[{"href":"https:\/\/arkeria.eu\/de\/wp-json\/wp\/v2\/product\/5500","targetHints":{"allow":["GET"]}}],"collection":[{"href":"https:\/\/arkeria.eu\/de\/wp-json\/wp\/v2\/product"}],"about":[{"href":"https:\/\/arkeria.eu\/de\/wp-json\/wp\/v2\/types\/product"}],"replies":[{"embeddable":true,"href":"https:\/\/arkeria.eu\/de\/wp-json\/wp\/v2\/comments?post=5500"}],"wp:featuredmedia":[{"embeddable":true,"href":"https:\/\/arkeria.eu\/de\/wp-json\/wp\/v2\/media\/3944"}],"wp:attachment":[{"href":"https:\/\/arkeria.eu\/de\/wp-json\/wp\/v2\/media?parent=5500"}],"wp:term":[{"taxonomy":"product_brand","embeddable":true,"href":"https:\/\/arkeria.eu\/de\/wp-json\/wp\/v2\/product_brand?post=5500"},{"taxonomy":"product_cat","embeddable":true,"href":"https:\/\/arkeria.eu\/de\/wp-json\/wp\/v2\/product_cat?post=5500"},{"taxonomy":"product_tag","embeddable":true,"href":"https:\/\/arkeria.eu\/de\/wp-json\/wp\/v2\/product_tag?post=5500"}],"curies":[{"name":"wp","href":"https:\/\/api.w.org\/{rel}","templated":true}]}}