{"id":4296,"date":"2025-01-11T00:20:24","date_gmt":"2025-01-10T23:20:24","guid":{"rendered":"https:\/\/arkeria.eu\/?post_type=product&#038;p=4296"},"modified":"2026-05-05T15:39:06","modified_gmt":"2026-05-05T13:39:06","slug":"arrow-wraps-unicolour-matte","status":"publish","type":"product","link":"https:\/\/arkeria.eu\/de\/arrow-wraps-unicolour-matte\/","title":{"rendered":"Arrow Wraps Unicolour Matte"},"content":{"rendered":"<p>Matte Unicolour Arrow Wraps &#8211; verf\u00fcgbar in verschiedenen Breiten:<\/p>\n<ul>\n<li>S: 130 x 20 mm (f\u00fcr Sch\u00e4fte mit Au\u00dfendurchmesser von bis zu 6 mm)<\/li>\n<li>L: 130 x 25 mm (f\u00fcr Sch\u00e4fte mit Au\u00dfendurchmesser von bis zu 7,5 mm)<\/li>\n<\/ul>\n<p>Bitte beachte, dass sich die verf\u00fcgbaren Gr\u00f6\u00dfen von denen der gl\u00e4nzenden Variante unterscheiden.<\/p>\n","protected":false},"excerpt":{"rendered":"<p>Lieferumfang: 14 St\u00fcck<\/p>\n","protected":false},"featured_media":4333,"comment_status":"closed","ping_status":"closed","template":"","meta":[],"product_brand":[],"product_cat":[285],"product_tag":[],"class_list":{"0":"post-4296","1":"product","2":"type-product","3":"status-publish","4":"has-post-thumbnail","6":"product_cat-arrow-wraps","7":"product_shipping_class-s","9":"first","10":"instock","11":"taxable","12":"shipping-taxable","13":"purchasable","14":"product-type-variable"},"_links":{"self":[{"href":"https:\/\/arkeria.eu\/de\/wp-json\/wp\/v2\/product\/4296","targetHints":{"allow":["GET"]}}],"collection":[{"href":"https:\/\/arkeria.eu\/de\/wp-json\/wp\/v2\/product"}],"about":[{"href":"https:\/\/arkeria.eu\/de\/wp-json\/wp\/v2\/types\/product"}],"replies":[{"embeddable":true,"href":"https:\/\/arkeria.eu\/de\/wp-json\/wp\/v2\/comments?post=4296"}],"wp:featuredmedia":[{"embeddable":true,"href":"https:\/\/arkeria.eu\/de\/wp-json\/wp\/v2\/media\/4333"}],"wp:attachment":[{"href":"https:\/\/arkeria.eu\/de\/wp-json\/wp\/v2\/media?parent=4296"}],"wp:term":[{"taxonomy":"product_brand","embeddable":true,"href":"https:\/\/arkeria.eu\/de\/wp-json\/wp\/v2\/product_brand?post=4296"},{"taxonomy":"product_cat","embeddable":true,"href":"https:\/\/arkeria.eu\/de\/wp-json\/wp\/v2\/product_cat?post=4296"},{"taxonomy":"product_tag","embeddable":true,"href":"https:\/\/arkeria.eu\/de\/wp-json\/wp\/v2\/product_tag?post=4296"}],"curies":[{"name":"wp","href":"https:\/\/api.w.org\/{rel}","templated":true}]}}