{"id":4048,"date":"2024-12-16T17:45:47","date_gmt":"2024-12-16T16:45:47","guid":{"rendered":"https:\/\/arkeria.eu\/?post_type=product&#038;p=4048"},"modified":"2025-06-08T21:49:35","modified_gmt":"2025-06-08T19:49:35","slug":"unicolour-schutzringe-nock-collars","status":"publish","type":"product","link":"https:\/\/arkeria.eu\/de\/unicolour-schutzringe-nock-collars\/","title":{"rendered":"Unicolour Schutzringe"},"content":{"rendered":"<p>Schutzringe machen den Pfeil an seinen empfindlichsten Stellen widerstandsf\u00e4higer und werden an den Enden des Carbonschafts angeklebt.<\/p>\n<p>F\u00fcr einen sauberen \u00dcbergang kann der Durchmesser in feinen Schritten gew\u00e4hlt werden.<\/p>\n","protected":false},"excerpt":{"rendered":"<p>Lieferumfang: 1 Stk.<br \/>\nMaterial: Aluminium, eloxiert<\/p>\n","protected":false},"featured_media":4155,"comment_status":"closed","ping_status":"closed","template":"","meta":[],"product_brand":[],"product_cat":[204],"product_tag":[],"class_list":{"0":"post-4048","1":"product","2":"type-product","3":"status-publish","4":"has-post-thumbnail","6":"product_cat-schutzringe","7":"product_shipping_class-klein","9":"first","10":"instock","11":"taxable","12":"shipping-taxable","13":"purchasable","14":"product-type-variable"},"_links":{"self":[{"href":"https:\/\/arkeria.eu\/de\/wp-json\/wp\/v2\/product\/4048","targetHints":{"allow":["GET"]}}],"collection":[{"href":"https:\/\/arkeria.eu\/de\/wp-json\/wp\/v2\/product"}],"about":[{"href":"https:\/\/arkeria.eu\/de\/wp-json\/wp\/v2\/types\/product"}],"replies":[{"embeddable":true,"href":"https:\/\/arkeria.eu\/de\/wp-json\/wp\/v2\/comments?post=4048"}],"wp:featuredmedia":[{"embeddable":true,"href":"https:\/\/arkeria.eu\/de\/wp-json\/wp\/v2\/media\/4155"}],"wp:attachment":[{"href":"https:\/\/arkeria.eu\/de\/wp-json\/wp\/v2\/media?parent=4048"}],"wp:term":[{"taxonomy":"product_brand","embeddable":true,"href":"https:\/\/arkeria.eu\/de\/wp-json\/wp\/v2\/product_brand?post=4048"},{"taxonomy":"product_cat","embeddable":true,"href":"https:\/\/arkeria.eu\/de\/wp-json\/wp\/v2\/product_cat?post=4048"},{"taxonomy":"product_tag","embeddable":true,"href":"https:\/\/arkeria.eu\/de\/wp-json\/wp\/v2\/product_tag?post=4048"}],"curies":[{"name":"wp","href":"https:\/\/api.w.org\/{rel}","templated":true}]}}