{"id":3368,"date":"2024-08-03T16:54:58","date_gmt":"2024-08-03T14:54:58","guid":{"rendered":"https:\/\/arkeria.eu\/?post_type=product&#038;p=3368"},"modified":"2026-01-13T21:19:02","modified_gmt":"2026-01-13T20:19:02","slug":"seitenkoecher-midys","status":"publish","type":"product","link":"https:\/\/arkeria.eu\/de\/seitenkoecher-midys\/","title":{"rendered":"Seitenk\u00f6cher MIDYS"},"content":{"rendered":"<p>Praktischer und hochwertiger Seitenk\u00f6cher mit drei R\u00f6hren. Mit G\u00fcrtelclip und Tasche f\u00fcr Zubeh\u00f6r. Verf\u00fcgbar f\u00fcr Rechts- und Linksh\u00e4nder.<\/p>\n","protected":false},"excerpt":{"rendered":"<p>Praktischer und hochwertiger Seitenk\u00f6cher mit drei R\u00f6hren. Mit G\u00fcrtelclip und Tasche f\u00fcr Zubeh\u00f6r. Verf\u00fcgbar f\u00fcr Rechts- und Linksh\u00e4nder.<\/p>\n","protected":false},"featured_media":3371,"comment_status":"closed","ping_status":"closed","template":"","meta":[],"product_brand":[],"product_cat":[205],"product_tag":[],"class_list":{"0":"post-3368","1":"product","2":"type-product","3":"status-publish","4":"has-post-thumbnail","6":"product_cat-equipment","8":"first","9":"instock","10":"taxable","11":"shipping-taxable","12":"purchasable","13":"product-type-variable","14":"has-default-attributes"},"_links":{"self":[{"href":"https:\/\/arkeria.eu\/de\/wp-json\/wp\/v2\/product\/3368","targetHints":{"allow":["GET"]}}],"collection":[{"href":"https:\/\/arkeria.eu\/de\/wp-json\/wp\/v2\/product"}],"about":[{"href":"https:\/\/arkeria.eu\/de\/wp-json\/wp\/v2\/types\/product"}],"replies":[{"embeddable":true,"href":"https:\/\/arkeria.eu\/de\/wp-json\/wp\/v2\/comments?post=3368"}],"wp:featuredmedia":[{"embeddable":true,"href":"https:\/\/arkeria.eu\/de\/wp-json\/wp\/v2\/media\/3371"}],"wp:attachment":[{"href":"https:\/\/arkeria.eu\/de\/wp-json\/wp\/v2\/media?parent=3368"}],"wp:term":[{"taxonomy":"product_brand","embeddable":true,"href":"https:\/\/arkeria.eu\/de\/wp-json\/wp\/v2\/product_brand?post=3368"},{"taxonomy":"product_cat","embeddable":true,"href":"https:\/\/arkeria.eu\/de\/wp-json\/wp\/v2\/product_cat?post=3368"},{"taxonomy":"product_tag","embeddable":true,"href":"https:\/\/arkeria.eu\/de\/wp-json\/wp\/v2\/product_tag?post=3368"}],"curies":[{"name":"wp","href":"https:\/\/api.w.org\/{rel}","templated":true}]}}