{"id":3275,"date":"2024-07-28T20:18:32","date_gmt":"2024-07-28T18:18:32","guid":{"rendered":"https:\/\/arkeria.eu\/?post_type=product&#038;p=3275"},"modified":"2025-06-16T00:39:32","modified_gmt":"2025-06-15T22:39:32","slug":"universal-vanes-shield","status":"publish","type":"product","link":"https:\/\/arkeria.eu\/de\/universal-vanes-shield\/","title":{"rendered":"Universal Vanes Shield"},"content":{"rendered":"<p>Vanes (Kunststoff Befiederung) in Shield-Form<\/p>\n<p>Verf\u00fcgbare Gr\u00f6\u00dfen:<br \/>\n&#8211; 2,5&#8243; (ca. 6,35 cm)<br \/>\n&#8211; 3&#8243; (ca. 7,60 cm)<br \/>\n&#8211; 4&#8243; (ca. 10,15 cm)<\/p>\n","protected":false},"excerpt":{"rendered":"<p>Vanes (Kunststoff Befiederung) in Shield-Form Verf\u00fcgbare Gr\u00f6\u00dfen: &#8211; 2,5&#8243; (ca. 6,35 cm) &#8211; 3&#8243; (ca. 7,60 cm) &#8211; 4&#8243; (ca.<\/p>\n","protected":false},"featured_media":3339,"comment_status":"closed","ping_status":"closed","template":"","meta":[],"product_brand":[],"product_cat":[178],"product_tag":[],"class_list":{"0":"post-3275","1":"product","2":"type-product","3":"status-publish","4":"has-post-thumbnail","6":"product_cat-vanes-federn","7":"product_shipping_class-klein","9":"first","10":"instock","11":"taxable","12":"shipping-taxable","13":"purchasable","14":"product-type-variable"},"_links":{"self":[{"href":"https:\/\/arkeria.eu\/de\/wp-json\/wp\/v2\/product\/3275","targetHints":{"allow":["GET"]}}],"collection":[{"href":"https:\/\/arkeria.eu\/de\/wp-json\/wp\/v2\/product"}],"about":[{"href":"https:\/\/arkeria.eu\/de\/wp-json\/wp\/v2\/types\/product"}],"replies":[{"embeddable":true,"href":"https:\/\/arkeria.eu\/de\/wp-json\/wp\/v2\/comments?post=3275"}],"wp:featuredmedia":[{"embeddable":true,"href":"https:\/\/arkeria.eu\/de\/wp-json\/wp\/v2\/media\/3339"}],"wp:attachment":[{"href":"https:\/\/arkeria.eu\/de\/wp-json\/wp\/v2\/media?parent=3275"}],"wp:term":[{"taxonomy":"product_brand","embeddable":true,"href":"https:\/\/arkeria.eu\/de\/wp-json\/wp\/v2\/product_brand?post=3275"},{"taxonomy":"product_cat","embeddable":true,"href":"https:\/\/arkeria.eu\/de\/wp-json\/wp\/v2\/product_cat?post=3275"},{"taxonomy":"product_tag","embeddable":true,"href":"https:\/\/arkeria.eu\/de\/wp-json\/wp\/v2\/product_tag?post=3275"}],"curies":[{"name":"wp","href":"https:\/\/api.w.org\/{rel}","templated":true}]}}