{"id":3243,"date":"2024-07-28T04:49:27","date_gmt":"2024-07-28T02:49:27","guid":{"rendered":"https:\/\/arkeria.eu\/?post_type=product&#038;p=3243"},"modified":"2026-05-05T15:39:06","modified_gmt":"2026-05-05T13:39:06","slug":"arrow-wraps-unicolour","status":"publish","type":"product","link":"https:\/\/arkeria.eu\/de\/arrow-wraps-unicolour\/","title":{"rendered":"Arrow Wraps Unicolour Glossy"},"content":{"rendered":"<p>Unicolour Arrow Wraps &#8211; verf\u00fcgbar in zwei Gr\u00f6\u00dfen:<\/p>\n<ul>\n<li>S: 125 x 25 mm<\/li>\n<li>L: 200 x 25 mm<\/li>\n<\/ul>\n","protected":false},"excerpt":{"rendered":"<p>Lieferumfang: 14 St\u00fcck<\/p>\n","protected":false},"featured_media":4276,"comment_status":"closed","ping_status":"closed","template":"","meta":[],"product_brand":[],"product_cat":[285],"product_tag":[],"class_list":{"0":"post-3243","1":"product","2":"type-product","3":"status-publish","4":"has-post-thumbnail","6":"product_cat-arrow-wraps","7":"product_shipping_class-s","9":"first","10":"instock","11":"taxable","12":"shipping-taxable","13":"purchasable","14":"product-type-variable"},"_links":{"self":[{"href":"https:\/\/arkeria.eu\/de\/wp-json\/wp\/v2\/product\/3243","targetHints":{"allow":["GET"]}}],"collection":[{"href":"https:\/\/arkeria.eu\/de\/wp-json\/wp\/v2\/product"}],"about":[{"href":"https:\/\/arkeria.eu\/de\/wp-json\/wp\/v2\/types\/product"}],"replies":[{"embeddable":true,"href":"https:\/\/arkeria.eu\/de\/wp-json\/wp\/v2\/comments?post=3243"}],"wp:featuredmedia":[{"embeddable":true,"href":"https:\/\/arkeria.eu\/de\/wp-json\/wp\/v2\/media\/4276"}],"wp:attachment":[{"href":"https:\/\/arkeria.eu\/de\/wp-json\/wp\/v2\/media?parent=3243"}],"wp:term":[{"taxonomy":"product_brand","embeddable":true,"href":"https:\/\/arkeria.eu\/de\/wp-json\/wp\/v2\/product_brand?post=3243"},{"taxonomy":"product_cat","embeddable":true,"href":"https:\/\/arkeria.eu\/de\/wp-json\/wp\/v2\/product_cat?post=3243"},{"taxonomy":"product_tag","embeddable":true,"href":"https:\/\/arkeria.eu\/de\/wp-json\/wp\/v2\/product_tag?post=3243"}],"curies":[{"name":"wp","href":"https:\/\/api.w.org\/{rel}","templated":true}]}}