{"id":2889,"date":"2024-06-22T01:25:17","date_gmt":"2024-06-21T23:25:17","guid":{"rendered":"https:\/\/arkeria.eu\/?post_type=product&#038;p=2889"},"modified":"2025-04-16T10:00:06","modified_gmt":"2025-04-16T08:00:06","slug":"bohning-ferr-l-tite-cool-flex","status":"publish","type":"product","link":"https:\/\/arkeria.eu\/de\/bohning-ferr-l-tite-cool-flex\/","title":{"rendered":"Bohning Ferr-L-Tite Cool-Flex"},"content":{"rendered":"<p>Bohning Hei\u00dfkleber (12 g) f\u00fcr Pfeilkomponenten; Inserts, Spitzen und Pin Bushings. Geeignet f\u00fcr alle Pfeilsch\u00e4fte (Carbon, Aluminium, Holz).<\/p>\n<p>Mit geringerer Schmelztemperatur als die gelbe Variante vor allem f\u00fcr Carbonpfeile konzipiert.<\/p>\n","protected":false},"excerpt":{"rendered":"<p>Bohning Hei\u00dfkleber (12 g) f\u00fcr Pfeilkomponenten; Inserts, Spitzen und Pin Bushings. Geeignet f\u00fcr alle Pfeilsch\u00e4fte (Carbon, Aluminium, Holz). Mit geringerer<\/p>\n","protected":false},"featured_media":2890,"comment_status":"closed","ping_status":"closed","template":"","meta":[],"product_brand":[],"product_cat":[205],"product_tag":[],"class_list":{"0":"post-2889","1":"product","2":"type-product","3":"status-publish","4":"has-post-thumbnail","6":"product_cat-equipment","7":"product_shipping_class-klein","9":"first","10":"instock","11":"taxable","12":"shipping-taxable","13":"purchasable","14":"product-type-simple"},"_links":{"self":[{"href":"https:\/\/arkeria.eu\/de\/wp-json\/wp\/v2\/product\/2889","targetHints":{"allow":["GET"]}}],"collection":[{"href":"https:\/\/arkeria.eu\/de\/wp-json\/wp\/v2\/product"}],"about":[{"href":"https:\/\/arkeria.eu\/de\/wp-json\/wp\/v2\/types\/product"}],"replies":[{"embeddable":true,"href":"https:\/\/arkeria.eu\/de\/wp-json\/wp\/v2\/comments?post=2889"}],"wp:featuredmedia":[{"embeddable":true,"href":"https:\/\/arkeria.eu\/de\/wp-json\/wp\/v2\/media\/2890"}],"wp:attachment":[{"href":"https:\/\/arkeria.eu\/de\/wp-json\/wp\/v2\/media?parent=2889"}],"wp:term":[{"taxonomy":"product_brand","embeddable":true,"href":"https:\/\/arkeria.eu\/de\/wp-json\/wp\/v2\/product_brand?post=2889"},{"taxonomy":"product_cat","embeddable":true,"href":"https:\/\/arkeria.eu\/de\/wp-json\/wp\/v2\/product_cat?post=2889"},{"taxonomy":"product_tag","embeddable":true,"href":"https:\/\/arkeria.eu\/de\/wp-json\/wp\/v2\/product_tag?post=2889"}],"curies":[{"name":"wp","href":"https:\/\/api.w.org\/{rel}","templated":true}]}}