{"id":2877,"date":"2024-06-22T00:25:17","date_gmt":"2024-06-21T22:25:17","guid":{"rendered":"https:\/\/arkeria.eu\/?post_type=product&#038;p=2877"},"modified":"2026-05-03T09:54:03","modified_gmt":"2026-05-03T07:54:03","slug":"bohning-fletch-tite-platinum-22-g","status":"publish","type":"product","link":"https:\/\/arkeria.eu\/de\/bohning-fletch-tite-platinum-22-g\/","title":{"rendered":"Bohning Fletch-Tite Platinum 22 g"},"content":{"rendered":"<p><strong><span data-testid=\"ux-textual-display\" aria-hidden=\"true\"><span class=\"ux-textspans ux-textspans--BOLD\">Gefahrenhinweise<\/span><\/span><\/strong><\/p>\n<p><img loading=\"lazy\" decoding=\"async\" class=\"alignnone wp-image-2899\" src=\"https:\/\/arkeria.eu\/assets\/uploads\/w-300x300.png\" alt=\"\" width=\"48\" height=\"48\" srcset=\"https:\/\/arkeria.eu\/assets\/uploads\/w-300x300.png 300w, https:\/\/arkeria.eu\/assets\/uploads\/w-380x379.png 380w, https:\/\/arkeria.eu\/assets\/uploads\/w-150x150.png 150w, https:\/\/arkeria.eu\/assets\/uploads\/w-64x64.png 64w, https:\/\/arkeria.eu\/assets\/uploads\/w.png 400w\" sizes=\"auto, (max-width: 48px) 100vw, 48px\" \/> <img loading=\"lazy\" decoding=\"async\" class=\"alignnone wp-image-2901\" src=\"https:\/\/arkeria.eu\/assets\/uploads\/fl-300x300.png\" alt=\"\" width=\"48\" height=\"48\" srcset=\"https:\/\/arkeria.eu\/assets\/uploads\/fl-300x300.png 300w, https:\/\/arkeria.eu\/assets\/uploads\/fl-380x381.png 380w, https:\/\/arkeria.eu\/assets\/uploads\/fl-150x150.png 150w, https:\/\/arkeria.eu\/assets\/uploads\/fl-64x64.png 64w, https:\/\/arkeria.eu\/assets\/uploads\/fl.png 399w\" sizes=\"auto, (max-width: 48px) 100vw, 48px\" \/><\/p>\n<div class=\"x-hazmat__category\"><strong><span class=\"ux-textspans ux-textspans--BOLD\">Gefahr<\/span><\/strong><\/div>\n<ul>\n<li class=\"x-hazmat__statements\"><span data-testid=\"ux-textual-display\" aria-hidden=\"true\"><span class=\"ux-textspans\">Kann bei Verwendung leicht entz\u00fcndbar werden.<\/span><\/span><\/li>\n<li class=\"x-hazmat__statements\"><span data-testid=\"ux-textual-display\" aria-hidden=\"true\"><span class=\"ux-textspans\">Kann Brand oder Explosion verursachen; starkes Oxidationsmittel.<\/span><\/span><\/li>\n<li class=\"x-hazmat__statements\"><span data-testid=\"ux-textual-display\" aria-hidden=\"true\"><span class=\"ux-textspans\">Verursacht schwere Augenreizung.<\/span><\/span><\/li>\n<li class=\"x-hazmat__statements\"><span data-testid=\"ux-textual-display\" aria-hidden=\"true\"><span class=\"ux-textspans\">Kann die Atemwege reizen.<\/span><\/span><\/li>\n<\/ul>\n","protected":false},"excerpt":{"rendered":"<p>Der bew\u00e4hrte, flexible Pfeilkleber f\u00fcr alle Pfeilsch\u00e4fte.<\/p>\n","protected":false},"featured_media":2878,"comment_status":"closed","ping_status":"closed","template":"","meta":[],"product_brand":[],"product_cat":[205],"product_tag":[],"class_list":{"0":"post-2877","1":"product","2":"type-product","3":"status-publish","4":"has-post-thumbnail","6":"product_cat-equipment","7":"product_shipping_class-klein","9":"first","10":"instock","11":"taxable","12":"shipping-taxable","13":"purchasable","14":"product-type-simple"},"_links":{"self":[{"href":"https:\/\/arkeria.eu\/de\/wp-json\/wp\/v2\/product\/2877","targetHints":{"allow":["GET"]}}],"collection":[{"href":"https:\/\/arkeria.eu\/de\/wp-json\/wp\/v2\/product"}],"about":[{"href":"https:\/\/arkeria.eu\/de\/wp-json\/wp\/v2\/types\/product"}],"replies":[{"embeddable":true,"href":"https:\/\/arkeria.eu\/de\/wp-json\/wp\/v2\/comments?post=2877"}],"wp:featuredmedia":[{"embeddable":true,"href":"https:\/\/arkeria.eu\/de\/wp-json\/wp\/v2\/media\/2878"}],"wp:attachment":[{"href":"https:\/\/arkeria.eu\/de\/wp-json\/wp\/v2\/media?parent=2877"}],"wp:term":[{"taxonomy":"product_brand","embeddable":true,"href":"https:\/\/arkeria.eu\/de\/wp-json\/wp\/v2\/product_brand?post=2877"},{"taxonomy":"product_cat","embeddable":true,"href":"https:\/\/arkeria.eu\/de\/wp-json\/wp\/v2\/product_cat?post=2877"},{"taxonomy":"product_tag","embeddable":true,"href":"https:\/\/arkeria.eu\/de\/wp-json\/wp\/v2\/product_tag?post=2877"}],"curies":[{"name":"wp","href":"https:\/\/api.w.org\/{rel}","templated":true}]}}