{"id":1564,"date":"2023-10-11T20:30:23","date_gmt":"2023-10-11T18:30:23","guid":{"rendered":"https:\/\/arkeria.eu\/?post_type=product&#038;p=1564"},"modified":"2026-02-11T12:07:15","modified_gmt":"2026-02-11T11:07:15","slug":"universal-nock-collars-edelstahl-schutzringe","status":"publish","type":"product","link":"https:\/\/arkeria.eu\/de\/universal-nock-collars-edelstahl-schutzringe\/","title":{"rendered":"Universal Schutzringe"},"content":{"rendered":"<p>Schutzringe machen den Pfeil an seinen empfindlichsten Stellen widerstandsf\u00e4higer. Sie werden an den Enden des Carbonschafts angeklebt, woraufhin Insert und Nocke folgen. F\u00fcr einen sauberen \u00dcbergang kann der Durchmesser in feinen Schritten gew\u00e4hlt werden.<\/p>\n<p>Diese Schutzringe werden aus Edelstahl gefertigt.<\/p>\n<p>Gewicht je nach Variante ca. 4,5 &#8211; 8,5 gr<\/p>\n","protected":false},"excerpt":{"rendered":"<p>Lieferumfang: 1 Stk.<\/p>\n","protected":false},"featured_media":3101,"comment_status":"closed","ping_status":"closed","template":"","meta":[],"product_brand":[],"product_cat":[204],"product_tag":[],"class_list":{"0":"post-1564","1":"product","2":"type-product","3":"status-publish","4":"has-post-thumbnail","6":"product_cat-schutzringe","7":"product_shipping_class-klein","9":"first","10":"instock","11":"taxable","12":"shipping-taxable","13":"purchasable","14":"product-type-variable"},"_links":{"self":[{"href":"https:\/\/arkeria.eu\/de\/wp-json\/wp\/v2\/product\/1564","targetHints":{"allow":["GET"]}}],"collection":[{"href":"https:\/\/arkeria.eu\/de\/wp-json\/wp\/v2\/product"}],"about":[{"href":"https:\/\/arkeria.eu\/de\/wp-json\/wp\/v2\/types\/product"}],"replies":[{"embeddable":true,"href":"https:\/\/arkeria.eu\/de\/wp-json\/wp\/v2\/comments?post=1564"}],"wp:featuredmedia":[{"embeddable":true,"href":"https:\/\/arkeria.eu\/de\/wp-json\/wp\/v2\/media\/3101"}],"wp:attachment":[{"href":"https:\/\/arkeria.eu\/de\/wp-json\/wp\/v2\/media?parent=1564"}],"wp:term":[{"taxonomy":"product_brand","embeddable":true,"href":"https:\/\/arkeria.eu\/de\/wp-json\/wp\/v2\/product_brand?post=1564"},{"taxonomy":"product_cat","embeddable":true,"href":"https:\/\/arkeria.eu\/de\/wp-json\/wp\/v2\/product_cat?post=1564"},{"taxonomy":"product_tag","embeddable":true,"href":"https:\/\/arkeria.eu\/de\/wp-json\/wp\/v2\/product_tag?post=1564"}],"curies":[{"name":"wp","href":"https:\/\/api.w.org\/{rel}","templated":true}]}}