{"id":1433,"date":"2023-10-07T03:07:48","date_gmt":"2023-10-07T01:07:48","guid":{"rendered":"https:\/\/arkeria.eu\/?post_type=product&#038;p=1433"},"modified":"2025-01-11T02:35:42","modified_gmt":"2025-01-11T01:35:42","slug":"universal-aluminium-insert-12-gr-62-mm","status":"publish","type":"product","link":"https:\/\/arkeria.eu\/de\/universal-aluminium-insert-12-gr-62-mm\/","title":{"rendered":"Universal Aluminium Insert 12 gr \/ 6,2 mm"},"content":{"rendered":"<p>Universal Aluminium Insert f\u00fcr Sch\u00e4fte mit 6,2 mm Innendurchmesser und einem Gewicht von ca. 12 gr.<br \/>\nF\u00fcr einen sauberen \u00dcbergang zum Pfeilschaft kann der Au\u00dfendurchmesser des Inserts in feinen Schritten gew\u00e4hlt werden.<\/p>\n<p>Zur Auswahl stehen Inserts mit einem Au\u00dfendurchmesser von:<br \/>\n&#8211; 7,1 mm<br \/>\n&#8211; 7,4 mm<br \/>\n&#8211; 7,6 mm<br \/>\n&#8211; 7,9 mm<\/p>\n","protected":false},"excerpt":{"rendered":"<p>Universal Aluminium Insert f\u00fcr Sch\u00e4fte mit 6,2 mm Innendurchmesser und einem Gewicht von ca. 12 gr. F\u00fcr einen sauberen \u00dcbergang<\/p>\n","protected":false},"featured_media":3944,"comment_status":"closed","ping_status":"closed","template":"","meta":[],"product_brand":[],"product_cat":[148],"product_tag":[],"class_list":{"0":"post-1433","1":"product","2":"type-product","3":"status-publish","4":"has-post-thumbnail","6":"product_cat-inserts","7":"product_shipping_class-klein","9":"first","10":"instock","11":"taxable","12":"shipping-taxable","13":"purchasable","14":"product-type-variable","15":"has-default-attributes"},"_links":{"self":[{"href":"https:\/\/arkeria.eu\/de\/wp-json\/wp\/v2\/product\/1433","targetHints":{"allow":["GET"]}}],"collection":[{"href":"https:\/\/arkeria.eu\/de\/wp-json\/wp\/v2\/product"}],"about":[{"href":"https:\/\/arkeria.eu\/de\/wp-json\/wp\/v2\/types\/product"}],"replies":[{"embeddable":true,"href":"https:\/\/arkeria.eu\/de\/wp-json\/wp\/v2\/comments?post=1433"}],"wp:featuredmedia":[{"embeddable":true,"href":"https:\/\/arkeria.eu\/de\/wp-json\/wp\/v2\/media\/3944"}],"wp:attachment":[{"href":"https:\/\/arkeria.eu\/de\/wp-json\/wp\/v2\/media?parent=1433"}],"wp:term":[{"taxonomy":"product_brand","embeddable":true,"href":"https:\/\/arkeria.eu\/de\/wp-json\/wp\/v2\/product_brand?post=1433"},{"taxonomy":"product_cat","embeddable":true,"href":"https:\/\/arkeria.eu\/de\/wp-json\/wp\/v2\/product_cat?post=1433"},{"taxonomy":"product_tag","embeddable":true,"href":"https:\/\/arkeria.eu\/de\/wp-json\/wp\/v2\/product_tag?post=1433"}],"curies":[{"name":"wp","href":"https:\/\/api.w.org\/{rel}","templated":true}]}}