{"id":1382,"date":"2023-09-20T18:02:15","date_gmt":"2023-09-20T16:02:15","guid":{"rendered":"https:\/\/arkeria.eu\/?post_type=product&#038;p=1382"},"modified":"2025-01-12T02:54:24","modified_gmt":"2025-01-12T01:54:24","slug":"ragim-matrix-evo-recurvebogen","status":"publish","type":"product","link":"https:\/\/arkeria.eu\/de\/ragim-matrix-evo-recurvebogen\/","title":{"rendered":"Ragim Matrix Evo Recurvebogen"},"content":{"rendered":"<p>Der Ragim Matrix Evo ist ein beliebter Recurvebogen und f\u00fcr Einsteiger und Fortgeschrittene geeignet. Das Holz-Mittelst\u00fcck ist schwarz lackiert. Als Take-Down Bogen ist er gut transportierbar. Um das Zuggewicht anzupassen, k\u00f6nnen die abnehmbaren Wurfarme einfach mit anderen getauscht werden. Die Gewinde am Mittelst\u00fcck erlauben eine Erweiterung um Visier, Button, Stabilisator und Pfeilauflage.<\/p>\n<p>Mit dabei: Eine Kunststoff-Pfeilauflage und eine Sehne<\/p>\n<p>Bogenl\u00e4ngen:<br \/>\n&#8211; 64\u2033 entspricht ca. 162,5 cm<br \/>\n&#8211; 68\u2033 entspricht ca. 173,7 cm<\/p>\n","protected":false},"excerpt":{"rendered":"<p>Der Ragim Matrix Evo ist ein beliebter Recurvebogen und f\u00fcr Einsteiger und Fortgeschrittene geeignet. Das Holz-Mittelst\u00fcck ist schwarz lackiert. Als<\/p>\n","protected":false},"featured_media":3097,"comment_status":"open","ping_status":"closed","template":"","meta":[],"product_brand":[],"product_cat":[118],"product_tag":[],"class_list":{"0":"post-1382","1":"product","2":"type-product","3":"status-publish","4":"has-post-thumbnail","6":"product_cat-recurveboegen","7":"product_shipping_class-gross","9":"first","10":"instock","11":"taxable","12":"shipping-taxable","13":"purchasable","14":"product-type-variable","15":"has-default-attributes"},"_links":{"self":[{"href":"https:\/\/arkeria.eu\/de\/wp-json\/wp\/v2\/product\/1382","targetHints":{"allow":["GET"]}}],"collection":[{"href":"https:\/\/arkeria.eu\/de\/wp-json\/wp\/v2\/product"}],"about":[{"href":"https:\/\/arkeria.eu\/de\/wp-json\/wp\/v2\/types\/product"}],"replies":[{"embeddable":true,"href":"https:\/\/arkeria.eu\/de\/wp-json\/wp\/v2\/comments?post=1382"}],"wp:featuredmedia":[{"embeddable":true,"href":"https:\/\/arkeria.eu\/de\/wp-json\/wp\/v2\/media\/3097"}],"wp:attachment":[{"href":"https:\/\/arkeria.eu\/de\/wp-json\/wp\/v2\/media?parent=1382"}],"wp:term":[{"taxonomy":"product_brand","embeddable":true,"href":"https:\/\/arkeria.eu\/de\/wp-json\/wp\/v2\/product_brand?post=1382"},{"taxonomy":"product_cat","embeddable":true,"href":"https:\/\/arkeria.eu\/de\/wp-json\/wp\/v2\/product_cat?post=1382"},{"taxonomy":"product_tag","embeddable":true,"href":"https:\/\/arkeria.eu\/de\/wp-json\/wp\/v2\/product_tag?post=1382"}],"curies":[{"name":"wp","href":"https:\/\/api.w.org\/{rel}","templated":true}]}}