{"id":361,"date":"2023-05-17T17:03:43","date_gmt":"2023-05-17T15:03:43","guid":{"rendered":"https:\/\/arkeria.eu\/?page_id=361"},"modified":"2025-01-20T15:45:09","modified_gmt":"2025-01-20T14:45:09","slug":"zahlungs-und-versandinformationen","status":"publish","type":"page","link":"https:\/\/arkeria.eu\/de\/zahlungs-und-versandinformationen\/","title":{"rendered":"Zahlungs- und Versandinformationen"},"content":{"rendered":"\n<div class=\"wp-block-columns is-layout-flex wp-container-core-columns-is-layout-9d6595d7 wp-block-columns-is-layout-flex\">\n<div class=\"wp-block-column is-layout-flow wp-block-column-is-layout-flow\">\n<h1>Zahlungs- und Versandinformationen<\/h1>\n<h1>\u00a0<\/h1>\n<h2>Versandinformationen<\/h2>\n<h3>Versandkosten<\/h3>\n<p><strong>Versandkostenfreie Lieferung innerhalb DE ab 40 EUR Bestellwert<\/strong><strong><br \/><\/strong><\/p>\n\n\n\n<figure class=\"wp-block-table is-style-regular\"><table class=\"has-fixed-layout\"><thead><tr><th><strong>Land<\/strong><\/th><th><strong>Versandkosten<\/strong> pauschal<\/th><\/tr><\/thead><tbody><tr><td><strong>Deutschland<\/strong><\/td><td><strong>4,60 EUR<\/strong><br><strong>(1,00 EUR f\u00fcr Pfeilkomponenten, Wraps, Armschutz)<\/strong><\/td><\/tr><tr><td><strong>Andorra<br>Belgien<br>Bulgarien<br>D\u00e4nemark<br>Estland<br>Finnland<br>Frankreich<br>Griechenland<br>Gro\u00dfbritannien<br>Irland<br>Italien<br>Kroatien<br>Lettland<br>Litauen<br>Luxemburg<br>Malta<br>Monaco<br>Niederlande<br>\u00d6sterreich<br>Polen<br>Portugal<br>Rum\u00e4nien<br>San Marino<br>Schweden<br>Slowakei<br>Slowenien<br>Spanien<br>Tschechische Republik<br>Ungarn<br>Zypern<\/strong><\/td><td><strong>12,50 EUR<\/strong><br><strong>(2,90 EUR f\u00fcr Wraps)<\/strong><\/td><\/tr><tr><td><strong>Liechtenstein<br>Schweiz<\/strong><\/td><td><strong>18,00 EUR<\/strong><br><strong>(2,90 EUR f\u00fcr Wraps)<\/strong><\/td><\/tr><tr><td><strong>Albanien<br>Bosnien-Herzegowina<br>F\u00e4r\u00f6er<br>Gr\u00f6nland<br>Island<br>Nordmazedonien<br>Montenegro<br>Norwegen<br>Serbien<\/strong><\/td><td><strong>23,00 EUR<\/strong><br><strong>(2,90 EUR f\u00fcr Wraps)<\/strong><\/td><\/tr><tr><td><strong>Georgien<br>T\u00fcrkei<\/strong><\/td><td><strong>28,00 EUR<\/strong><br><strong>(2,90 EUR f\u00fcr Wraps)<\/strong><\/td><\/tr><tr><td><strong>Kanada<br>Mexiko<br>USA<\/strong><\/td><td><strong>38,00 EUR<\/strong><br><strong>(2,90 EUR f\u00fcr Wraps)<\/strong><\/td><\/tr><tr><td><strong>Argentinien<br>Australien<br>Brasilien<br>Chile<br>Peru<br>Uruguay<\/strong><\/td><td><strong>45,00 EUR<\/strong><br><strong>(2,90 EUR f\u00fcr Wraps)<\/strong><\/td><\/tr><\/tbody><\/table><\/figure>\n\n\n\n<\/p>\n<p>Standardm\u00e4\u00dfig ist ein Versand nur in die aufgef\u00fchrten L\u00e4nder m\u00f6glich. Der Versand erfolgt per DHL. Die jeweils anfallenden Versandkosten kannst Du der obigen Tabelle entnehmen.<br \/>W\u00fcnscht Du den Versand in ein anderes Land? Teile uns bitte vor einer Bestellung per E-Mail (kontakt@arkeria.eu) oder \u00fcber das Kontaktformular Artikel, Menge, Lieferadresse mit dem Land und der entsprechenden Postleitzahl mit. Wir werden Dir dann kurzfristig mitteilen, ob wir auch in das gew\u00fcnschte Land versenden k\u00f6nnen und wenn ja, die Versandkosten mitteilen, da wir die Versandm\u00f6glichkeit und die Kosten vorab bei unserem Versandpartner erfragen m\u00fcssen.<\/p>\n<p>Bei Lieferungen in L\u00e4nder au\u00dferhalb der Europ\u00e4ischen Union k\u00f6nnen im Einzelfall weitere Kosten anfallen, die wir nicht zu vertreten haben und die von Dir zu tragen sind. Dazu z\u00e4hlen z.B. Kosten f\u00fcr die Geld\u00fcbermittlung durch Kreditinstitute (z.B. \u00dcberweisungsgeb\u00fchren, Wechselkursgeb\u00fchren) oder einfuhrrechtliche Abgaben bzw. Steuern (z.B. Z\u00f6lle). Weitere Informationen findest Du beispielsweise unter <a href=\"https:\/\/taxation-customs.ec.europa.eu\/index_de\" target=\"_blank\" rel=\"noreferrer noopener\">https:\/\/taxation-customs.ec.europa.eu\/index_de<\/a> und zur Einfuhrumsatzsteuer unter <a href=\"https:\/\/auskunft.ezt-online.de\/ezto\/Welcome.do\" target=\"_blank\" rel=\"noreferrer noopener\">https:\/\/auskunft.ezt-online.de\/ezto\/Welcome.do<\/a> sowie speziell f\u00fcr die Schweiz unter <a href=\"https:\/\/xtares.admin.ch\/tares\/login\/loginFormFiller.do\" target=\"_blank\" rel=\"noreferrer noopener\">https:\/\/xtares.admin.ch\/tares\/login\/loginFormFiller.do<\/a><\/p>\n\n\n\n<h3>Lieferzeiten<\/h3>\n<p>In der nachfolgenden Tabelle findest Du die Lieferzeiten f\u00fcr den Versand in andere L\u00e4nder, die Du der beim jeweiligen Artikel angegebenen Lieferzeit hinzurechnen musst.<\/p>\n\n\n\n<figure class=\"wp-block-table is-style-regular\"><table class=\"has-fixed-layout\"><thead><tr><th><strong>Land<\/strong><\/th><th><strong>Zus\u00e4tzliche maximale Dauer in Tagen<\/strong><\/th><\/tr><\/thead><tbody><tr><td><strong><strong>\u00d6sterreich<\/strong><\/strong><\/td><td><strong>4<\/strong><\/td><\/tr><tr><td><strong>Sonstige EU-Staaten der obigen Tabelle (au\u00dfer \u00d6sterreich)<\/strong><\/td><td><strong>14<\/strong><\/td><\/tr><tr><td><strong>Nicht-EU-Staaten der obigen Tabelle<\/strong><\/td><td><strong>30<\/strong><\/td><\/tr><\/tbody><\/table><\/figure>\n\n\n\n<\/p>\n<p>Wenn Sie bei uns im Rahmen einer Bestellung mehrere Artikel bestellen, f\u00fcr die unterschiedliche Lieferzeiten gelten, versenden wir die Ware in einer gemeinsamen Sendung, sofern wir mit Ihnen nichts anderes vereinbart haben. In diesem Fall gilt f\u00fcr die Warensendung insgesamt die Lieferzeit, die f\u00fcr den Artikel Ihrer Bestellung mit der l\u00e4ngsten Lieferzeit gilt.<\/p>\n<p><strong>Information zur Berechnung des Liefertermins<\/strong><\/p>\n<p>Die Frist f\u00fcr die Lieferung beginnt bei Zahlung per Vorkasse am Tag nach Erteilung des Zahlungsauftrags an das \u00fcberweisende Kreditinstitut bzw. bei anderen Zahlungsarten am Tag nach Vertragsschluss zu laufen und endet mit dem Ablauf des letzten Tages der Frist. F\u00e4llt der letzte Tag der Frist auf einen Samstag, Sonntag oder einen am Lieferort staatlich anerkannten allgemeinen Feiertag, so tritt an die Stelle eines solchen Tages der n\u00e4chste Werktag.<\/p>\n\n\n\n<h2>Zahlungsinformationen<\/h2>\n<p>Vorkasse (Bank\u00fcberweisung)<br \/>Kreditkarte<br \/>SOFORT \u00dcberweisung<br \/>Klarna Rechnung<br \/>Klarna Ratenkauf (abh\u00e4ngig von Bonit\u00e4t und Mindestbestellwert)<br \/>Paypal<br \/>Giropay<br \/>Apple Pay<br \/>EPS (\u00d6sterreich)<br \/>Przelewy24 (Polen)<br \/>iDEAL (Niederlande)<br \/>Bancontact (Belgien)<\/p>\n<\/div>\n<\/div>\n","protected":false},"excerpt":{"rendered":"<p>Zahlungs- und Versandinformationen \u00a0 Versandinformationen Versandkosten Versandkostenfreie Lieferung innerhalb DE ab 40 EUR Bestellwert Land Versandkosten pauschal Deutschland 4,60 EUR(1,00<\/p>\n","protected":false},"author":1,"featured_media":0,"parent":0,"menu_order":0,"comment_status":"closed","ping_status":"closed","template":"","meta":{"footnotes":""},"class_list":["post-361","page","type-page","status-publish","hentry"],"_links":{"self":[{"href":"https:\/\/arkeria.eu\/de\/wp-json\/wp\/v2\/pages\/361","targetHints":{"allow":["GET"]}}],"collection":[{"href":"https:\/\/arkeria.eu\/de\/wp-json\/wp\/v2\/pages"}],"about":[{"href":"https:\/\/arkeria.eu\/de\/wp-json\/wp\/v2\/types\/page"}],"author":[{"embeddable":true,"href":"https:\/\/arkeria.eu\/de\/wp-json\/wp\/v2\/users\/1"}],"replies":[{"embeddable":true,"href":"https:\/\/arkeria.eu\/de\/wp-json\/wp\/v2\/comments?post=361"}],"version-history":[{"count":53,"href":"https:\/\/arkeria.eu\/de\/wp-json\/wp\/v2\/pages\/361\/revisions"}],"predecessor-version":[{"id":4440,"href":"https:\/\/arkeria.eu\/de\/wp-json\/wp\/v2\/pages\/361\/revisions\/4440"}],"wp:attachment":[{"href":"https:\/\/arkeria.eu\/de\/wp-json\/wp\/v2\/media?parent=361"}],"curies":[{"name":"wp","href":"https:\/\/api.w.org\/{rel}","templated":true}]}}